{"id":4473,"date":"2025-11-07T07:27:00","date_gmt":"2025-11-07T07:27:00","guid":{"rendered":"https:\/\/dahuathailand.com\/?post_type=product&#038;p=4473"},"modified":"2025-11-07T07:28:03","modified_gmt":"2025-11-07T07:28:03","slug":"%e0%b8%8a%e0%b8%b8%e0%b8%94%e0%b8%81%e0%b8%a5%e0%b9%89%e0%b8%ad%e0%b8%87%e0%b8%a7%e0%b8%87%e0%b8%88%e0%b8%a3%e0%b8%9b%e0%b8%b4%e0%b8%94-8-%e0%b8%95%e0%b8%b1%e0%b8%a7-%e0%b8%a3%e0%b8%b8%e0%b9%88-3","status":"publish","type":"product","link":"https:\/\/dahuathailand.com\/product\/%e0%b8%8a%e0%b8%b8%e0%b8%94%e0%b8%81%e0%b8%a5%e0%b9%89%e0%b8%ad%e0%b8%87%e0%b8%a7%e0%b8%87%e0%b8%88%e0%b8%a3%e0%b8%9b%e0%b8%b4%e0%b8%94-8-%e0%b8%95%e0%b8%b1%e0%b8%a7-%e0%b8%a3%e0%b8%b8%e0%b9%88-3\/","title":{"rendered":"\u0e0a\u0e38\u0e14\u0e01\u0e25\u0e49\u0e2d\u0e07\u0e27\u0e07\u0e08\u0e23\u0e1b\u0e34\u0e14 8 \u0e15\u0e31\u0e27 \u0e23\u0e38\u0e48\u0e19 DH-HAC-HFW1239T-A-LED \u0e41\u0e25\u0e30 DH-XVR5108HS-X"},"content":{"rendered":"<p>\u0e0a\u0e38\u0e14\u0e01\u0e25\u0e49\u0e2d\u0e07\u0e27\u0e07\u0e08\u0e23\u0e1b\u0e34\u0e14 8 \u0e15\u0e31\u0e27 \u0e23\u0e38\u0e48\u0e19 DH-HAC-HFW1239T-A-LED \u0e41\u0e25\u0e30 DH-XVR5108HS-X<\/p>\n<p>DH-HAC-HFW1239T-A-LED 2MP Full-Color HDCVI \u0e1a\u0e31\u0e19\u0e17\u0e36\u0e01\u0e2a\u0e35 24\u0e0a\u0e21. \u0e21\u0e35\u0e44\u0e21\u0e04\u0e4c\u0e1a\u0e31\u0e19\u0e17\u0e36\u0e01\u0e40\u0e2a\u0e35\u0e22\u0e07<\/p>\n<ul>\n<li><span class=\"ql-size-large\">\u0e04\u0e27\u0e32\u0e21\u0e04\u0e21\u0e0a\u0e31\u0e14 2 \u0e25\u0e49\u0e32\u0e19\u0e1e\u0e34\u0e01\u0e40\u0e0b\u0e25<\/span><\/li>\n<li><span class=\"ql-size-large\">\u0e02\u0e19\u0e32\u0e14\u0e20\u0e32\u0e1e\/\u0e27\u0e35\u0e14\u0e35\u0e42\u0e2d 1920 (H)\u00d71080 (V),<\/span><\/li>\n<li><span class=\"ql-size-large\">\u0e40\u0e1f\u0e23\u0e21\u0e40\u0e23\u0e17 30 fps@2MP<\/span><\/li>\n<li><span class=\"ql-size-large\">3D NR.<\/span><\/li>\n<li><span class=\"ql-size-large\">\u0e1a\u0e31\u0e19\u0e17\u0e36\u0e01\u0e20\u0e32\u0e1e\u0e2a\u0e35 24 \u0e0a\u0e31\u0e48\u0e27\u0e42\u0e21\u0e07<\/span><\/li>\n<li><span class=\"ql-size-large\">\u0e23\u0e30\u0e22\u0e30\u0e17\u0e33\u0e07\u0e32\u0e19 LED 20 \u0e40\u0e21\u0e15\u0e23<\/span><\/li>\n<li><span class=\"ql-size-large\">\u0e21\u0e35\u0e44\u0e21\u0e04\u0e4c\u0e43\u0e19\u0e15\u0e31\u0e27 : \u0e23\u0e2d\u0e07\u0e23\u0e31\u0e1a\u0e01\u0e32\u0e23\u0e1a\u0e31\u0e19\u0e17\u0e36\u0e01\u0e20\u0e32\u0e1e\u0e1e\u0e23\u0e49\u0e2d\u0e21\u0e40\u0e2a\u0e35\u0e22\u0e07<\/span><\/li>\n<li><span class=\"ql-size-large\">\u0e1b\u0e23\u0e31\u0e1a\u0e44\u0e14\u0e49 4 \u0e23\u0e30\u0e1a\u0e1a CVI\/CVBS\/AHD\/TVI<\/span><\/li>\n<li><span class=\"ql-size-large\">\u0e1a\u0e2d\u0e14\u0e35\u0e49\u0e40\u0e2b\u0e25\u0e47\u0e01<\/span><\/li>\n<li><span class=\"ql-size-large\">\u0e15\u0e34\u0e14\u0e20\u0e32\u0e22\u0e19\u0e2d\u0e01\u0e44\u0e14\u0e49 , \u0e21\u0e32\u0e15\u0e23\u0e10\u0e32\u0e19\u0e01\u0e31\u0e19\u0e19\u0e49\u0e33\u0e01\u0e31\u0e19\u0e1d\u0e38\u0e48\u0e19\u0e23\u0e30\u0e14\u0e31\u0e1a IP67<\/span><\/li>\n<li><span class=\"ql-size-large\">\u0e23\u0e2d\u0e07\u0e23\u0e31\u0e1a\u0e01\u0e33\u0e25\u0e31\u0e07\u0e44\u0e1f 12 VDC<\/span><\/li>\n<\/ul>\n<table width=\"1114\">\n<tbody>\n<tr>\n<td colspan=\"6\">\n<h3><strong>Camera<\/strong><\/h3>\n<\/td>\n<\/tr>\n<tr>\n<td>Image Sensor<\/td>\n<td colspan=\"5\">1\/2.8 inch 2.16 Mega Pixels CMOS<\/td>\n<\/tr>\n<tr>\n<td>Effective Pixels<\/td>\n<td colspan=\"5\">1920 (H)\u00d71080 (V), 2MP<\/td>\n<\/tr>\n<tr>\n<td>Electronic Shutter Speed<\/td>\n<td colspan=\"5\">PAL:1\/25s\u20131\/100000s<br \/>\nNTSC:1\/30s\u20131\/100000s<\/td>\n<\/tr>\n<tr>\n<td>Minimum Illumination<\/td>\n<td colspan=\"5\">0.005Lux\/F1.6, 30IRE, 0Lux white Light on<\/td>\n<\/tr>\n<tr>\n<td>Fill Light (White Light) Distance<\/td>\n<td colspan=\"5\">Distance up to 20m (65.61ft)<\/td>\n<\/tr>\n<tr>\n<td>Fill Light On\/Off Control<\/td>\n<td colspan=\"5\">Auto; Manual<\/td>\n<\/tr>\n<tr>\n<td>Fill Light Number<\/td>\n<td colspan=\"5\">1<\/td>\n<\/tr>\n<tr>\n<td>Pan\/Tilt\/Rotation Range<\/td>\n<td colspan=\"5\">Pan: 0\u00b0\u2013360\u00b0<br \/>\nTilt: 0\u00b0\u201378\u00b0<br \/>\nRotation: 0\u00b0\u2013360\u00b0<\/td>\n<\/tr>\n<tr>\n<td colspan=\"6\">\n<h3><strong>Lens<\/strong><\/h3>\n<\/td>\n<\/tr>\n<tr>\n<td>Lens Type<\/td>\n<td colspan=\"5\">Fixed-focal<\/td>\n<\/tr>\n<tr>\n<td>Mount Type<\/td>\n<td colspan=\"5\">M12<\/td>\n<\/tr>\n<tr>\n<td>Focal Length<\/td>\n<td colspan=\"5\">2.8mm\/3.6mm<\/td>\n<\/tr>\n<tr>\n<td>Max. Aperture<\/td>\n<td colspan=\"5\">F1.6<\/td>\n<\/tr>\n<tr>\n<td>Angle of View<\/td>\n<td colspan=\"5\">2.8mm:126.2\u00b0\u00d7106.0\u00b0\u00d756.5\u00b0 (diagonalxhorizontalxvertical)<\/p>\n<p>3.6mm:<\/p>\n<p>103.6\u00b0x86.9\u00b0x46.3\u00b0 (diagonalxhorizontalxvertical)<\/td>\n<\/tr>\n<tr>\n<td>Iris Type<\/td>\n<td colspan=\"5\">Fixed iris<\/td>\n<\/tr>\n<tr>\n<td>Close Focus Distance<\/td>\n<td colspan=\"5\">2.8mm: 0.6m (1.97ft)3.6mm: 1.2m (3.94ft)<\/td>\n<\/tr>\n<tr>\n<td rowspan=\"3\">DORI Distance<\/td>\n<td>Lens<\/td>\n<td>Detect<\/td>\n<td>Observe<\/td>\n<td>Recognize<\/td>\n<td>Identify<\/td>\n<\/tr>\n<tr>\n<td>2.8mm<\/td>\n<td>38.6m (126.6ft)<\/td>\n<td>15.4m (50.5ft)<\/td>\n<td>7.7m (25.3ft)<\/td>\n<td>3.9m (12.8ft)<\/td>\n<\/tr>\n<tr>\n<td>3.6mm<\/td>\n<td>55.2m (181.1ft)<\/td>\n<td>22.1m (72.5ft)<\/td>\n<td>11.0m (36.0ft)<\/td>\n<td>5.5m (18.0ft)<\/td>\n<\/tr>\n<tr>\n<td colspan=\"6\">\n<h3><strong>Video<\/strong><\/h3>\n<\/td>\n<\/tr>\n<tr>\n<td>Video Frame Rate<\/td>\n<td colspan=\"5\">CVI:PAL: 1080@25fps, 720@25fps, 720@50fps;<\/p>\n<p>NTSC: 1080@30fps, 720@30fps, 720@60fps<\/p>\n<p>AHD: PAL: 1080@25fps,720@25fps;<\/p>\n<p>NTSC: 1080@30fps,720@30fps<\/p>\n<p>TVI: PAL: 1080@25fps,720@25fps,720@50fps;<\/p>\n<p>NTSC: 1080@30fps,720@30fps,720@60fps<\/p>\n<p>CVBS: PAL: 960\u00d7576H;<\/p>\n<p>NTSC: 960\u00d7480H<\/td>\n<\/tr>\n<tr>\n<td>Resolution<\/td>\n<td colspan=\"5\">1080P (1920\u00d71080); 720P (1280\u00d7720); 960H (704\u00d7 576\/704\u00d7480)<\/td>\n<\/tr>\n<tr>\n<td>BLC<\/td>\n<td colspan=\"5\">BLC\/HLC\/WDR<\/td>\n<\/tr>\n<tr>\n<td>WDR<\/td>\n<td colspan=\"5\">DWDR<\/td>\n<\/tr>\n<tr>\n<td>White Balance<\/td>\n<td colspan=\"5\">Auto; Manual<\/td>\n<\/tr>\n<tr>\n<td>Gain Control<\/td>\n<td colspan=\"5\">Auto; Manual<\/td>\n<\/tr>\n<tr>\n<td>Noise Reduction<\/td>\n<td colspan=\"5\">2D NR<\/td>\n<\/tr>\n<tr>\n<td>Smart Light<\/td>\n<td colspan=\"5\">Yes<\/td>\n<\/tr>\n<tr>\n<td>Electronic Defog<\/td>\n<td colspan=\"5\">Yes<\/td>\n<\/tr>\n<tr>\n<td>Digital Zoom<\/td>\n<td colspan=\"5\">16X<\/td>\n<\/tr>\n<tr>\n<td>Mirror<\/td>\n<td colspan=\"5\">Off\/On<\/td>\n<\/tr>\n<tr>\n<td>Privacy Masking<\/td>\n<td colspan=\"5\">Off\/On (4 area, rectangle)<\/td>\n<\/tr>\n<tr>\n<td colspan=\"6\">\n<h3><strong>Certification<\/strong><\/h3>\n<\/td>\n<\/tr>\n<tr>\n<td>Certifications<\/td>\n<td colspan=\"5\">CE (EN55032, EN55024, EN50130-4,EN60950-1)FCC (CFR 47 FCC Part 15 subpartB, ANSI C63.4-2014)<\/p>\n<p>UL (UL60950-1+CAN\/CSA C22.2 No.60950-1)<\/td>\n<\/tr>\n<tr>\n<td colspan=\"6\">\n<h3><strong>Interface<\/strong><\/h3>\n<\/td>\n<\/tr>\n<tr>\n<td>Audio Port<\/td>\n<td colspan=\"5\">Built-in mic (-A)<\/td>\n<\/tr>\n<tr>\n<td colspan=\"6\">\n<h3><strong>Port<\/strong><\/h3>\n<\/td>\n<\/tr>\n<tr>\n<td>Video Port<\/td>\n<td colspan=\"5\">Video output choices of CVI\/TVI\/AHD\/CVBS by one BNC port<\/td>\n<\/tr>\n<tr>\n<td colspan=\"6\">\n<h3><strong>Power<\/strong><\/h3>\n<\/td>\n<\/tr>\n<tr>\n<td>Power Supply<\/td>\n<td colspan=\"5\">12V \u00b130% DC<\/td>\n<\/tr>\n<tr>\n<td>Power Consumption<\/td>\n<td colspan=\"5\">Max 3W (12V DC, white light on)<\/td>\n<\/tr>\n<tr>\n<td colspan=\"6\">\n<h3><strong>Environment<\/strong><\/h3>\n<\/td>\n<\/tr>\n<tr>\n<td>Operating Temperature<\/td>\n<td colspan=\"5\">-40\u00b0C to +60\u00b0C (-40\u00b0F to 140\u00b0F);&lt;95% (non-condensation)<\/td>\n<\/tr>\n<tr>\n<td>Storage Temperature<\/td>\n<td colspan=\"5\">-40\u00b0C to +60\u00b0C (-40\u00b0F to 140\u00b0F);&lt;95% (non-condensation)<\/td>\n<\/tr>\n<tr>\n<td>Protection Grade<\/td>\n<td colspan=\"5\">IP67<\/td>\n<\/tr>\n<tr>\n<td colspan=\"6\">\n<h3><strong>Structure<\/strong><\/h3>\n<\/td>\n<\/tr>\n<tr>\n<td>Casing<\/td>\n<td colspan=\"5\">IMetal throughout the whole casing<\/td>\n<\/tr>\n<tr>\n<td>Dimensions<\/td>\n<td colspan=\"5\">174.5mm\u00d770.6mm\u00d772.3mm (6.87\u2033\u00d72.78\u2033\u00d72.85\u2033)<\/td>\n<\/tr>\n<tr>\n<td>Net Weight<\/td>\n<td colspan=\"5\">0.34Kg(0.75lb)<\/td>\n<\/tr>\n<tr>\n<td>Gross Weight<\/td>\n<td colspan=\"5\">0.45Kg(0.99lb)<\/td>\n<\/tr>\n<\/tbody>\n<\/table>\n<p>DH-XVR5108HS-X 8 Channel Penta-brid 1080P Compact 1U Digital Video Recorder<\/p>\n<ul>\n<li><span dir=\"auto\">\u0e01\u0e32\u0e23\u0e1a\u0e35\u0e1a\u0e2d\u0e31\u0e14\u0e27\u0e34\u0e14\u0e35\u0e42\u0e2d\u0e41\u0e1a\u0e1a\u0e14\u0e39\u0e2d\u0e31\u0e25\u0e2a\u0e15\u0e23\u0e35\u0e21 H.265+\/H.265<\/span><\/li>\n<li><span dir=\"auto\">\u0e23\u0e2d\u0e07\u0e23\u0e31\u0e1a\u0e2d\u0e34\u0e19\u0e1e\u0e38\u0e15\u0e27\u0e34\u0e14\u0e35\u0e42\u0e2d HDCVI\/AHD\/TVI\/CVBS\/IP<\/span><\/li>\n<li><span dir=\"auto\">\u0e2d\u0e34\u0e19\u0e1e\u0e38\u0e15\u0e01\u0e25\u0e49\u0e2d\u0e07 IP \u0e2a\u0e39\u0e07\u0e2a\u0e38\u0e14 12\/24 \u0e0a\u0e48\u0e2d\u0e07 \u0e41\u0e15\u0e48\u0e25\u0e30\u0e0a\u0e48\u0e2d\u0e07\u0e2a\u0e39\u0e07\u0e2a\u0e38\u0e14 6MP; \u0e41\u0e1a\u0e19\u0e14\u0e4c\u0e27\u0e34\u0e14\u0e17\u0e4c\u0e02\u0e32\u0e40\u0e02\u0e49\u0e32\u0e2a\u0e39\u0e07\u0e2a\u0e38\u0e14 48\/96Mbps<\/span><\/li>\n<li><span dir=\"auto\">\u0e01\u0e32\u0e23\u0e04\u0e49\u0e19\u0e2b\u0e32\u0e2d\u0e31\u0e08\u0e09\u0e23\u0e34\u0e22\u0e30\u0e41\u0e25\u0e30\u0e23\u0e30\u0e1a\u0e1a\u0e27\u0e34\u0e14\u0e35\u0e42\u0e2d\u0e2d\u0e31\u0e08\u0e09\u0e23\u0e34\u0e22\u0e30<\/span><\/li>\n<\/ul>\n<p><a href=\"https:\/\/dahuathailand.com\/wp-content\/uploads\/2025\/11\/DH-HAC-HFW1239T-A-LED_datasheet_20200302-1.pdf\" target=\"_blank\" rel=\"noopener\"><img decoding=\"async\" class=\"alignnone wp-image-3200 size-thumbnail\" src=\"https:\/\/dahuathailand.com\/wp-content\/uploads\/2025\/10\/\u0e2b\u0e14\u0e2b\u0e01\u0e07-150x150.png\" alt=\"\" width=\"150\" height=\"150\" srcset=\"https:\/\/dahuathailand.com\/wp-content\/uploads\/2025\/10\/\u0e2b\u0e14\u0e2b\u0e01\u0e07-150x150.png 150w, https:\/\/dahuathailand.com\/wp-content\/uploads\/2025\/10\/\u0e2b\u0e14\u0e2b\u0e01\u0e07-300x300.png 300w, https:\/\/dahuathailand.com\/wp-content\/uploads\/2025\/10\/\u0e2b\u0e14\u0e2b\u0e01\u0e07-768x768.png 768w, https:\/\/dahuathailand.com\/wp-content\/uploads\/2025\/10\/\u0e2b\u0e14\u0e2b\u0e01\u0e07-600x600.png 600w, https:\/\/dahuathailand.com\/wp-content\/uploads\/2025\/10\/\u0e2b\u0e14\u0e2b\u0e01\u0e07-100x100.png 100w, https:\/\/dahuathailand.com\/wp-content\/uploads\/2025\/10\/\u0e2b\u0e14\u0e2b\u0e01\u0e07.png 959w\" sizes=\"(max-width: 150px) 100vw, 150px\" \/><\/a><a href=\"https:\/\/dahuathailand.com\/wp-content\/uploads\/2025\/11\/XVR5108-16HS-X_Datasheet_20200529.pdf\" target=\"_blank\" rel=\"noopener\"><img decoding=\"async\" class=\"alignnone wp-image-3200 size-thumbnail\" src=\"https:\/\/dahuathailand.com\/wp-content\/uploads\/2025\/10\/%E0%B8%AB%E0%B8%94%E0%B8%AB%E0%B8%81%E0%B8%87-150x150.png\" alt=\"\" width=\"150\" height=\"150\" \/><\/a><\/p>\n","protected":false},"excerpt":{"rendered":"<p>DH-HAC-HFW1239T-A-LED \u0e41\u0e25\u0e30 DH-XVR5108HS-X<\/p>\n","protected":false},"featured_media":4476,"comment_status":"open","ping_status":"closed","template":"","meta":{"inline_featured_image":false},"product_brand":[],"product_cat":[96,157],"product_tag":[],"class_list":{"0":"post-4473","1":"product","2":"type-product","3":"status-publish","4":"has-post-thumbnail","6":"product_cat-96","7":"product_cat-157","9":"first","10":"instock","11":"shipping-taxable","12":"purchasable","13":"product-type-simple"},"yoast_head":"<!-- This site is optimized with the Yoast SEO plugin v27.3 - https:\/\/yoast.com\/product\/yoast-seo-wordpress\/ -->\n<title>\u0e0a\u0e38\u0e14\u0e01\u0e25\u0e49\u0e2d\u0e07\u0e27\u0e07\u0e08\u0e23\u0e1b\u0e34\u0e14 8 \u0e15\u0e31\u0e27 \u0e23\u0e38\u0e48\u0e19 DH-HAC-HFW1239T-A-LED \u0e41\u0e25\u0e30 DH-XVR5108HS-X - ChaiSolution<\/title>\n<meta name=\"robots\" content=\"index, follow, max-snippet:-1, max-image-preview:large, max-video-preview:-1\" \/>\n<link rel=\"canonical\" href=\"https:\/\/dahuathailand.com\/product\/\u0e0a\u0e38\u0e14\u0e01\u0e25\u0e49\u0e2d\u0e07\u0e27\u0e07\u0e08\u0e23\u0e1b\u0e34\u0e14-8-\u0e15\u0e31\u0e27-\u0e23\u0e38\u0e48-3\/\" \/>\n<meta property=\"og:locale\" content=\"th_TH\" \/>\n<meta property=\"og:type\" content=\"article\" \/>\n<meta property=\"og:title\" content=\"\u0e0a\u0e38\u0e14\u0e01\u0e25\u0e49\u0e2d\u0e07\u0e27\u0e07\u0e08\u0e23\u0e1b\u0e34\u0e14 8 \u0e15\u0e31\u0e27 \u0e23\u0e38\u0e48\u0e19 DH-HAC-HFW1239T-A-LED \u0e41\u0e25\u0e30 DH-XVR5108HS-X - ChaiSolution\" \/>\n<meta property=\"og:description\" content=\"DH-HAC-HFW1239T-A-LED \u0e41\u0e25\u0e30 DH-XVR5108HS-X\" \/>\n<meta property=\"og:url\" content=\"https:\/\/dahuathailand.com\/product\/\u0e0a\u0e38\u0e14\u0e01\u0e25\u0e49\u0e2d\u0e07\u0e27\u0e07\u0e08\u0e23\u0e1b\u0e34\u0e14-8-\u0e15\u0e31\u0e27-\u0e23\u0e38\u0e48-3\/\" \/>\n<meta property=\"og:site_name\" content=\"ChaiSolution\" \/>\n<meta property=\"article:modified_time\" content=\"2025-11-07T07:28:03+00:00\" \/>\n<meta property=\"og:image\" content=\"https:\/\/dahuathailand.com\/wp-content\/uploads\/2025\/11\/2133.jpg\" \/>\n\t<meta property=\"og:image:width\" content=\"1000\" \/>\n\t<meta property=\"og:image:height\" content=\"1000\" \/>\n\t<meta property=\"og:image:type\" content=\"image\/jpeg\" \/>\n<meta name=\"twitter:card\" content=\"summary_large_image\" \/>\n<meta name=\"twitter:label1\" content=\"Est. reading time\" \/>\n\t<meta name=\"twitter:data1\" content=\"2 \u0e19\u0e32\u0e17\u0e35\" \/>\n<script type=\"application\/ld+json\" class=\"yoast-schema-graph\">{\"@context\":\"https:\\\/\\\/schema.org\",\"@graph\":[{\"@type\":\"WebPage\",\"@id\":\"https:\\\/\\\/dahuathailand.com\\\/product\\\/%e0%b8%8a%e0%b8%b8%e0%b8%94%e0%b8%81%e0%b8%a5%e0%b9%89%e0%b8%ad%e0%b8%87%e0%b8%a7%e0%b8%87%e0%b8%88%e0%b8%a3%e0%b8%9b%e0%b8%b4%e0%b8%94-8-%e0%b8%95%e0%b8%b1%e0%b8%a7-%e0%b8%a3%e0%b8%b8%e0%b9%88-3\\\/\",\"url\":\"https:\\\/\\\/dahuathailand.com\\\/product\\\/%e0%b8%8a%e0%b8%b8%e0%b8%94%e0%b8%81%e0%b8%a5%e0%b9%89%e0%b8%ad%e0%b8%87%e0%b8%a7%e0%b8%87%e0%b8%88%e0%b8%a3%e0%b8%9b%e0%b8%b4%e0%b8%94-8-%e0%b8%95%e0%b8%b1%e0%b8%a7-%e0%b8%a3%e0%b8%b8%e0%b9%88-3\\\/\",\"name\":\"\u0e0a\u0e38\u0e14\u0e01\u0e25\u0e49\u0e2d\u0e07\u0e27\u0e07\u0e08\u0e23\u0e1b\u0e34\u0e14 8 \u0e15\u0e31\u0e27 \u0e23\u0e38\u0e48\u0e19 DH-HAC-HFW1239T-A-LED \u0e41\u0e25\u0e30 DH-XVR5108HS-X - ChaiSolution\",\"isPartOf\":{\"@id\":\"https:\\\/\\\/dahuathailand.com\\\/#website\"},\"primaryImageOfPage\":{\"@id\":\"https:\\\/\\\/dahuathailand.com\\\/product\\\/%e0%b8%8a%e0%b8%b8%e0%b8%94%e0%b8%81%e0%b8%a5%e0%b9%89%e0%b8%ad%e0%b8%87%e0%b8%a7%e0%b8%87%e0%b8%88%e0%b8%a3%e0%b8%9b%e0%b8%b4%e0%b8%94-8-%e0%b8%95%e0%b8%b1%e0%b8%a7-%e0%b8%a3%e0%b8%b8%e0%b9%88-3\\\/#primaryimage\"},\"image\":{\"@id\":\"https:\\\/\\\/dahuathailand.com\\\/product\\\/%e0%b8%8a%e0%b8%b8%e0%b8%94%e0%b8%81%e0%b8%a5%e0%b9%89%e0%b8%ad%e0%b8%87%e0%b8%a7%e0%b8%87%e0%b8%88%e0%b8%a3%e0%b8%9b%e0%b8%b4%e0%b8%94-8-%e0%b8%95%e0%b8%b1%e0%b8%a7-%e0%b8%a3%e0%b8%b8%e0%b9%88-3\\\/#primaryimage\"},\"thumbnailUrl\":\"https:\\\/\\\/dahuathailand.com\\\/wp-content\\\/uploads\\\/2025\\\/11\\\/2133.jpg\",\"datePublished\":\"2025-11-07T07:27:00+00:00\",\"dateModified\":\"2025-11-07T07:28:03+00:00\",\"breadcrumb\":{\"@id\":\"https:\\\/\\\/dahuathailand.com\\\/product\\\/%e0%b8%8a%e0%b8%b8%e0%b8%94%e0%b8%81%e0%b8%a5%e0%b9%89%e0%b8%ad%e0%b8%87%e0%b8%a7%e0%b8%87%e0%b8%88%e0%b8%a3%e0%b8%9b%e0%b8%b4%e0%b8%94-8-%e0%b8%95%e0%b8%b1%e0%b8%a7-%e0%b8%a3%e0%b8%b8%e0%b9%88-3\\\/#breadcrumb\"},\"inLanguage\":\"th\",\"potentialAction\":[{\"@type\":\"ReadAction\",\"target\":[\"https:\\\/\\\/dahuathailand.com\\\/product\\\/%e0%b8%8a%e0%b8%b8%e0%b8%94%e0%b8%81%e0%b8%a5%e0%b9%89%e0%b8%ad%e0%b8%87%e0%b8%a7%e0%b8%87%e0%b8%88%e0%b8%a3%e0%b8%9b%e0%b8%b4%e0%b8%94-8-%e0%b8%95%e0%b8%b1%e0%b8%a7-%e0%b8%a3%e0%b8%b8%e0%b9%88-3\\\/\"]}]},{\"@type\":\"ImageObject\",\"inLanguage\":\"th\",\"@id\":\"https:\\\/\\\/dahuathailand.com\\\/product\\\/%e0%b8%8a%e0%b8%b8%e0%b8%94%e0%b8%81%e0%b8%a5%e0%b9%89%e0%b8%ad%e0%b8%87%e0%b8%a7%e0%b8%87%e0%b8%88%e0%b8%a3%e0%b8%9b%e0%b8%b4%e0%b8%94-8-%e0%b8%95%e0%b8%b1%e0%b8%a7-%e0%b8%a3%e0%b8%b8%e0%b9%88-3\\\/#primaryimage\",\"url\":\"https:\\\/\\\/dahuathailand.com\\\/wp-content\\\/uploads\\\/2025\\\/11\\\/2133.jpg\",\"contentUrl\":\"https:\\\/\\\/dahuathailand.com\\\/wp-content\\\/uploads\\\/2025\\\/11\\\/2133.jpg\",\"width\":1000,\"height\":1000},{\"@type\":\"BreadcrumbList\",\"@id\":\"https:\\\/\\\/dahuathailand.com\\\/product\\\/%e0%b8%8a%e0%b8%b8%e0%b8%94%e0%b8%81%e0%b8%a5%e0%b9%89%e0%b8%ad%e0%b8%87%e0%b8%a7%e0%b8%87%e0%b8%88%e0%b8%a3%e0%b8%9b%e0%b8%b4%e0%b8%94-8-%e0%b8%95%e0%b8%b1%e0%b8%a7-%e0%b8%a3%e0%b8%b8%e0%b9%88-3\\\/#breadcrumb\",\"itemListElement\":[{\"@type\":\"ListItem\",\"position\":1,\"name\":\"Home\",\"item\":\"https:\\\/\\\/dahuathailand.com\\\/\"},{\"@type\":\"ListItem\",\"position\":2,\"name\":\"Shop\",\"item\":\"https:\\\/\\\/dahuathailand.com\\\/shop\\\/\"},{\"@type\":\"ListItem\",\"position\":3,\"name\":\"\u0e0a\u0e38\u0e14\u0e01\u0e25\u0e49\u0e2d\u0e07\u0e27\u0e07\u0e08\u0e23\u0e1b\u0e34\u0e14 8 \u0e15\u0e31\u0e27 \u0e23\u0e38\u0e48\u0e19 DH-HAC-HFW1239T-A-LED \u0e41\u0e25\u0e30 DH-XVR5108HS-X\"}]},{\"@type\":\"WebSite\",\"@id\":\"https:\\\/\\\/dahuathailand.com\\\/#website\",\"url\":\"https:\\\/\\\/dahuathailand.com\\\/\",\"name\":\"ChaiSolution\",\"description\":\"\",\"potentialAction\":[{\"@type\":\"SearchAction\",\"target\":{\"@type\":\"EntryPoint\",\"urlTemplate\":\"https:\\\/\\\/dahuathailand.com\\\/?s={search_term_string}\"},\"query-input\":{\"@type\":\"PropertyValueSpecification\",\"valueRequired\":true,\"valueName\":\"search_term_string\"}}],\"inLanguage\":\"th\"}]}<\/script>\n<!-- \/ Yoast SEO plugin. -->","yoast_head_json":{"title":"\u0e0a\u0e38\u0e14\u0e01\u0e25\u0e49\u0e2d\u0e07\u0e27\u0e07\u0e08\u0e23\u0e1b\u0e34\u0e14 8 \u0e15\u0e31\u0e27 \u0e23\u0e38\u0e48\u0e19 DH-HAC-HFW1239T-A-LED \u0e41\u0e25\u0e30 DH-XVR5108HS-X - ChaiSolution","robots":{"index":"index","follow":"follow","max-snippet":"max-snippet:-1","max-image-preview":"max-image-preview:large","max-video-preview":"max-video-preview:-1"},"canonical":"https:\/\/dahuathailand.com\/product\/\u0e0a\u0e38\u0e14\u0e01\u0e25\u0e49\u0e2d\u0e07\u0e27\u0e07\u0e08\u0e23\u0e1b\u0e34\u0e14-8-\u0e15\u0e31\u0e27-\u0e23\u0e38\u0e48-3\/","og_locale":"th_TH","og_type":"article","og_title":"\u0e0a\u0e38\u0e14\u0e01\u0e25\u0e49\u0e2d\u0e07\u0e27\u0e07\u0e08\u0e23\u0e1b\u0e34\u0e14 8 \u0e15\u0e31\u0e27 \u0e23\u0e38\u0e48\u0e19 DH-HAC-HFW1239T-A-LED \u0e41\u0e25\u0e30 DH-XVR5108HS-X - ChaiSolution","og_description":"DH-HAC-HFW1239T-A-LED \u0e41\u0e25\u0e30 DH-XVR5108HS-X","og_url":"https:\/\/dahuathailand.com\/product\/\u0e0a\u0e38\u0e14\u0e01\u0e25\u0e49\u0e2d\u0e07\u0e27\u0e07\u0e08\u0e23\u0e1b\u0e34\u0e14-8-\u0e15\u0e31\u0e27-\u0e23\u0e38\u0e48-3\/","og_site_name":"ChaiSolution","article_modified_time":"2025-11-07T07:28:03+00:00","og_image":[{"width":1000,"height":1000,"url":"https:\/\/dahuathailand.com\/wp-content\/uploads\/2025\/11\/2133.jpg","type":"image\/jpeg"}],"twitter_card":"summary_large_image","twitter_misc":{"Est. reading time":"2 \u0e19\u0e32\u0e17\u0e35"},"schema":{"@context":"https:\/\/schema.org","@graph":[{"@type":"WebPage","@id":"https:\/\/dahuathailand.com\/product\/%e0%b8%8a%e0%b8%b8%e0%b8%94%e0%b8%81%e0%b8%a5%e0%b9%89%e0%b8%ad%e0%b8%87%e0%b8%a7%e0%b8%87%e0%b8%88%e0%b8%a3%e0%b8%9b%e0%b8%b4%e0%b8%94-8-%e0%b8%95%e0%b8%b1%e0%b8%a7-%e0%b8%a3%e0%b8%b8%e0%b9%88-3\/","url":"https:\/\/dahuathailand.com\/product\/%e0%b8%8a%e0%b8%b8%e0%b8%94%e0%b8%81%e0%b8%a5%e0%b9%89%e0%b8%ad%e0%b8%87%e0%b8%a7%e0%b8%87%e0%b8%88%e0%b8%a3%e0%b8%9b%e0%b8%b4%e0%b8%94-8-%e0%b8%95%e0%b8%b1%e0%b8%a7-%e0%b8%a3%e0%b8%b8%e0%b9%88-3\/","name":"\u0e0a\u0e38\u0e14\u0e01\u0e25\u0e49\u0e2d\u0e07\u0e27\u0e07\u0e08\u0e23\u0e1b\u0e34\u0e14 8 \u0e15\u0e31\u0e27 \u0e23\u0e38\u0e48\u0e19 DH-HAC-HFW1239T-A-LED \u0e41\u0e25\u0e30 DH-XVR5108HS-X - ChaiSolution","isPartOf":{"@id":"https:\/\/dahuathailand.com\/#website"},"primaryImageOfPage":{"@id":"https:\/\/dahuathailand.com\/product\/%e0%b8%8a%e0%b8%b8%e0%b8%94%e0%b8%81%e0%b8%a5%e0%b9%89%e0%b8%ad%e0%b8%87%e0%b8%a7%e0%b8%87%e0%b8%88%e0%b8%a3%e0%b8%9b%e0%b8%b4%e0%b8%94-8-%e0%b8%95%e0%b8%b1%e0%b8%a7-%e0%b8%a3%e0%b8%b8%e0%b9%88-3\/#primaryimage"},"image":{"@id":"https:\/\/dahuathailand.com\/product\/%e0%b8%8a%e0%b8%b8%e0%b8%94%e0%b8%81%e0%b8%a5%e0%b9%89%e0%b8%ad%e0%b8%87%e0%b8%a7%e0%b8%87%e0%b8%88%e0%b8%a3%e0%b8%9b%e0%b8%b4%e0%b8%94-8-%e0%b8%95%e0%b8%b1%e0%b8%a7-%e0%b8%a3%e0%b8%b8%e0%b9%88-3\/#primaryimage"},"thumbnailUrl":"https:\/\/dahuathailand.com\/wp-content\/uploads\/2025\/11\/2133.jpg","datePublished":"2025-11-07T07:27:00+00:00","dateModified":"2025-11-07T07:28:03+00:00","breadcrumb":{"@id":"https:\/\/dahuathailand.com\/product\/%e0%b8%8a%e0%b8%b8%e0%b8%94%e0%b8%81%e0%b8%a5%e0%b9%89%e0%b8%ad%e0%b8%87%e0%b8%a7%e0%b8%87%e0%b8%88%e0%b8%a3%e0%b8%9b%e0%b8%b4%e0%b8%94-8-%e0%b8%95%e0%b8%b1%e0%b8%a7-%e0%b8%a3%e0%b8%b8%e0%b9%88-3\/#breadcrumb"},"inLanguage":"th","potentialAction":[{"@type":"ReadAction","target":["https:\/\/dahuathailand.com\/product\/%e0%b8%8a%e0%b8%b8%e0%b8%94%e0%b8%81%e0%b8%a5%e0%b9%89%e0%b8%ad%e0%b8%87%e0%b8%a7%e0%b8%87%e0%b8%88%e0%b8%a3%e0%b8%9b%e0%b8%b4%e0%b8%94-8-%e0%b8%95%e0%b8%b1%e0%b8%a7-%e0%b8%a3%e0%b8%b8%e0%b9%88-3\/"]}]},{"@type":"ImageObject","inLanguage":"th","@id":"https:\/\/dahuathailand.com\/product\/%e0%b8%8a%e0%b8%b8%e0%b8%94%e0%b8%81%e0%b8%a5%e0%b9%89%e0%b8%ad%e0%b8%87%e0%b8%a7%e0%b8%87%e0%b8%88%e0%b8%a3%e0%b8%9b%e0%b8%b4%e0%b8%94-8-%e0%b8%95%e0%b8%b1%e0%b8%a7-%e0%b8%a3%e0%b8%b8%e0%b9%88-3\/#primaryimage","url":"https:\/\/dahuathailand.com\/wp-content\/uploads\/2025\/11\/2133.jpg","contentUrl":"https:\/\/dahuathailand.com\/wp-content\/uploads\/2025\/11\/2133.jpg","width":1000,"height":1000},{"@type":"BreadcrumbList","@id":"https:\/\/dahuathailand.com\/product\/%e0%b8%8a%e0%b8%b8%e0%b8%94%e0%b8%81%e0%b8%a5%e0%b9%89%e0%b8%ad%e0%b8%87%e0%b8%a7%e0%b8%87%e0%b8%88%e0%b8%a3%e0%b8%9b%e0%b8%b4%e0%b8%94-8-%e0%b8%95%e0%b8%b1%e0%b8%a7-%e0%b8%a3%e0%b8%b8%e0%b9%88-3\/#breadcrumb","itemListElement":[{"@type":"ListItem","position":1,"name":"Home","item":"https:\/\/dahuathailand.com\/"},{"@type":"ListItem","position":2,"name":"Shop","item":"https:\/\/dahuathailand.com\/shop\/"},{"@type":"ListItem","position":3,"name":"\u0e0a\u0e38\u0e14\u0e01\u0e25\u0e49\u0e2d\u0e07\u0e27\u0e07\u0e08\u0e23\u0e1b\u0e34\u0e14 8 \u0e15\u0e31\u0e27 \u0e23\u0e38\u0e48\u0e19 DH-HAC-HFW1239T-A-LED \u0e41\u0e25\u0e30 DH-XVR5108HS-X"}]},{"@type":"WebSite","@id":"https:\/\/dahuathailand.com\/#website","url":"https:\/\/dahuathailand.com\/","name":"ChaiSolution","description":"","potentialAction":[{"@type":"SearchAction","target":{"@type":"EntryPoint","urlTemplate":"https:\/\/dahuathailand.com\/?s={search_term_string}"},"query-input":{"@type":"PropertyValueSpecification","valueRequired":true,"valueName":"search_term_string"}}],"inLanguage":"th"}]}},"_links":{"self":[{"href":"https:\/\/dahuathailand.com\/wp-json\/wp\/v2\/product\/4473","targetHints":{"allow":["GET"]}}],"collection":[{"href":"https:\/\/dahuathailand.com\/wp-json\/wp\/v2\/product"}],"about":[{"href":"https:\/\/dahuathailand.com\/wp-json\/wp\/v2\/types\/product"}],"replies":[{"embeddable":true,"href":"https:\/\/dahuathailand.com\/wp-json\/wp\/v2\/comments?post=4473"}],"wp:featuredmedia":[{"embeddable":true,"href":"https:\/\/dahuathailand.com\/wp-json\/wp\/v2\/media\/4476"}],"wp:attachment":[{"href":"https:\/\/dahuathailand.com\/wp-json\/wp\/v2\/media?parent=4473"}],"wp:term":[{"taxonomy":"product_brand","embeddable":true,"href":"https:\/\/dahuathailand.com\/wp-json\/wp\/v2\/product_brand?post=4473"},{"taxonomy":"product_cat","embeddable":true,"href":"https:\/\/dahuathailand.com\/wp-json\/wp\/v2\/product_cat?post=4473"},{"taxonomy":"product_tag","embeddable":true,"href":"https:\/\/dahuathailand.com\/wp-json\/wp\/v2\/product_tag?post=4473"}],"curies":[{"name":"wp","href":"https:\/\/api.w.org\/{rel}","templated":true}]}}